{"id":14,"date":"2022-08-11T12:28:41","date_gmt":"2022-08-11T12:28:41","guid":{"rendered":"https:\/\/brondbyskak.dk\/?page_id=14"},"modified":"2023-01-15T16:33:05","modified_gmt":"2023-01-15T16:33:05","slug":"om-klubben","status":"publish","type":"page","link":"https:\/\/brondbyskak.dk\/index.php\/om-klubben\/","title":{"rendered":"Om klubben"},"content":{"rendered":"<p>Br\u00f8ndby Skakklub er en sammenslutning af klubberne Br\u00f8ndbyvester Skakklub og Br\u00f8ndby Skakklub, som blev en realitet i 2002. Vi er en hyggelig lille klub, som l\u00e6gger stor v\u00e6gt p\u00e5 et godt spil skak og hyggeligt samv\u00e6r. Vi er pt ca 25 medlemmer, men der er plads til mange flere.<\/p>\n<p>Vi holder til i M\u00f8llehuset i Br\u00f8ndby Kommune &#8211; med adresse Br\u00f8ndby M\u00f8llevej 37, 2605 Br\u00f8ndby &#8211; lige overfor r\u00e5dhuset. Vi spiller hver mandag kl. 19: fra august til maj.<\/p>\n<p>Du er meget velkommen til at kigge forbi og spille nogle partier og h\u00f8rer n\u00e6rmere om vores klub.<\/p>\n<p>Du kan ogs\u00e5 kontakte os via <a href=\"https:\/\/brondbyskak.dk\/index.php\/kontakt\/\">kontaktformularen<\/a><\/p>\n","protected":false},"excerpt":{"rendered":"<p>Br\u00f8ndby Skakklub er en sammenslutning af klubberne Br\u00f8ndbyvester Skakklub og Br\u00f8ndby Skakklub, som blev en realitet i 2002. Vi er en hyggelig lille klub, som&hellip;<\/p>\n","protected":false},"author":1,"featured_media":0,"parent":0,"menu_order":0,"comment_status":"closed","ping_status":"closed","template":"","meta":{"footnotes":""},"class_list":["post-14","page","type-page","status-publish","hentry"],"_links":{"self":[{"href":"https:\/\/brondbyskak.dk\/index.php\/wp-json\/wp\/v2\/pages\/14","targetHints":{"allow":["GET"]}}],"collection":[{"href":"https:\/\/brondbyskak.dk\/index.php\/wp-json\/wp\/v2\/pages"}],"about":[{"href":"https:\/\/brondbyskak.dk\/index.php\/wp-json\/wp\/v2\/types\/page"}],"author":[{"embeddable":true,"href":"https:\/\/brondbyskak.dk\/index.php\/wp-json\/wp\/v2\/users\/1"}],"replies":[{"embeddable":true,"href":"https:\/\/brondbyskak.dk\/index.php\/wp-json\/wp\/v2\/comments?post=14"}],"version-history":[{"count":3,"href":"https:\/\/brondbyskak.dk\/index.php\/wp-json\/wp\/v2\/pages\/14\/revisions"}],"predecessor-version":[{"id":179,"href":"https:\/\/brondbyskak.dk\/index.php\/wp-json\/wp\/v2\/pages\/14\/revisions\/179"}],"wp:attachment":[{"href":"https:\/\/brondbyskak.dk\/index.php\/wp-json\/wp\/v2\/media?parent=14"}],"curies":[{"name":"wp","href":"https:\/\/api.w.org\/{rel}","templated":true}]}}