{"id":1299,"date":"2026-03-25T18:40:25","date_gmt":"2026-03-25T17:40:25","guid":{"rendered":"https:\/\/brondbyskak.dk\/?page_id=1299"},"modified":"2026-03-25T18:40:25","modified_gmt":"2026-03-25T17:40:25","slug":"hall-of-fame","status":"publish","type":"page","link":"https:\/\/brondbyskak.dk\/index.php\/hall-of-fame\/","title":{"rendered":"Hall of fame"},"content":{"rendered":"\n<div class=\"bs-champions\">\n  <style>\n   <style>\n  .bs-champions,\n  .bs-champions * {\n    box-sizing: border-box;\n  }\n\n  .bs-champions {\n    --brand: #f2c94c;\n    --brand-soft: #fde68a;\n    --brand-dark: #b88a16;\n    --bg: #081226;\n    --bg-2: #0b1730;\n    --panel: #0d1b34;\n    --panel-2: #10203d;\n    --text: #f8fafc;\n    --muted: #d7dfeb;\n    --line: rgba(255,255,255,0.08);\n\n    font-family: Arial, Helvetica, sans-serif;\n    color: var(--text) !important;\n    margin: 0 auto;\n    width: 100%;\n  }\n\n  .bs-champions .bs-wrapper {\n    width: 100%;\n    max-width: 1100px;\n    margin: 0 auto;\n    padding: 24px 0 40px;\n  }\n\n  .bs-champions .bs-hero {\n    background:\n      radial-gradient(circle at top left, rgba(242,201,76,0.18), transparent 38%),\n      radial-gradient(circle at top right, rgba(59,130,246,0.10), transparent 32%),\n      linear-gradient(135deg, rgba(242,201,76,0.10) 0%, rgba(255,255,255,0.03) 35%, rgba(29,78,216,0.08) 100%),\n      linear-gradient(180deg, #081226 0%, #0b1730 100%) !important;\n    border: 1px solid rgba(242, 201, 76, 0.30);\n    border-radius: 28px;\n    padding: 34px;\n    margin-bottom: 28px;\n    box-shadow:\n      0 18px 50px rgba(0,0,0,0.34),\n      inset 0 1px 0 rgba(255,255,255,0.03);\n    color: var(--text) !important;\n  }\n\n  .bs-champions .bs-kicker {\n    display: inline-block;\n    background: rgba(242, 201, 76, 0.10);\n    color: var(--brand-soft) !important;\n    border: 1px solid rgba(242, 201, 76, 0.35);\n    padding: 10px 14px;\n    border-radius: 999px;\n    font-size: 13px;\n    letter-spacing: 0.05em;\n    text-transform: uppercase;\n    box-shadow: inset 0 1px 0 rgba(255,255,255,0.04);\n  }\n\n  .bs-champions h1,\n  .bs-champions h2,\n  .bs-champions h3,\n  .bs-champions p,\n  .bs-champions div,\n  .bs-champions span {\n    color: inherit;\n  }\n\n  .bs-champions .bs-hero h1 {\n    margin: 18px 0 12px;\n    font-size: clamp(34px, 5vw, 62px);\n    line-height: 1.05;\n    font-weight: 700;\n    letter-spacing: -0.02em;\n    color: var(--text) !important;\n  }\n\n  .bs-champions .bs-lead {\n    color: var(--muted) !important;\n    max-width: 820px;\n    font-size: 18px;\n    line-height: 1.65;\n    margin: 0;\n  }\n\n  .bs-champions .bs-highlight {\n    display: grid;\n    grid-template-columns: 1.15fr 0.85fr;\n    gap: 28px;\n    margin-top: 28px;\n  }\n\n  .bs-champions .bs-grid {\n    display: grid;\n    grid-template-columns: 1.2fr 0.8fr;\n    gap: 28px;\n    margin-top: 28px;\n  }\n\n  .bs-champions .bs-card {\n    background:\n      linear-gradient(180deg, rgba(14,27,52,0.96) 0%, rgba(10,22,44,0.98) 100%) !important;\n    border: 1px solid rgba(255,255,255,0.08);\n    border-radius: 24px;\n    padding: 26px;\n    color: var(--text) !important;\n    box-shadow:\n      0 10px 24px rgba(0,0,0,0.22),\n      inset 0 1px 0 rgba(255,255,255,0.03);\n  }\n\n  .bs-champions .bs-card h2 {\n    margin: 0 0 8px;\n    font-size: 20px;\n    color: var(--text) !important;\n  }\n\n  .bs-champions .bs-section-title {\n    margin: 0 0 16px;\n    font-size: 24px;\n    font-weight: 700;\n    color: var(--text) !important;\n  }\n\n  .bs-champions .bs-current-year {\n    display: inline-block;\n    padding: 8px 12px;\n    border-radius: 999px;\n    background: rgba(242,201,76,0.08);\n    border: 1px solid rgba(242,201,76,0.28);\n    font-size: 14px;\n    color: var(--brand-soft) !important;\n    text-transform: uppercase;\n    letter-spacing: 0.08em;\n    font-weight: 700;\n  }\n\n  .bs-champions .bs-current-name {\n    font-size: 38px;\n    font-weight: 800;\n    line-height: 1.05;\n    margin-top: 16px;\n    color: var(--text) !important;\n  }\n\n  .bs-champions .bs-small {\n    color: var(--muted) !important;\n    font-size: 15px;\n    line-height: 1.7;\n    margin: 14px 0 0;\n  }\n\n  .bs-champions .bs-timeline,\n  .bs-champions .bs-hof-grid {\n    display: grid;\n    gap: 12px;\n  }\n\n  .bs-champions .bs-champion-row {\n    display: grid;\n    grid-template-columns: 96px 1fr;\n    align-items: center;\n    gap: 16px;\n    padding: 14px 16px;\n    border: 1px solid rgba(255,255,255,0.08);\n    border-radius: 18px;\n    background:\n      linear-gradient(180deg, rgba(255,255,255,0.04), rgba(255,255,255,0.02)) !important;\n    box-shadow: inset 0 1px 0 rgba(255,255,255,0.03);\n  }\n\n  .bs-champions .bs-year {\n    display: inline-flex;\n    align-items: center;\n    justify-content: center;\n    min-height: 52px;\n    padding: 10px 12px;\n    border-radius: 14px;\n    font-weight: 800;\n    color: #fff3bf !important;\n    font-size: 20px;\n    letter-spacing: -0.01em;\n    background:\n      linear-gradient(180deg, rgba(242,201,76,0.22), rgba(184,138,22,0.14)) !important;\n    border: 1px solid rgba(242,201,76,0.28);\n    box-shadow:\n      0 6px 14px rgba(0,0,0,0.18),\n      inset 0 1px 0 rgba(255,255,255,0.05);\n  }\n\n  .bs-champions .bs-winner {\n    font-size: 17px;\n    font-weight: 600;\n    color: var(--text) !important;\n  }\n\n  .bs-champions .bs-hof-card {\n    display: flex;\n    align-items: center;\n    justify-content: space-between;\n    gap: 12px;\n    padding: 15px 16px;\n    border-radius: 18px;\n    background:\n      linear-gradient(180deg, rgba(255,255,255,0.04), rgba(255,255,255,0.02)) !important;\n    border: 1px solid rgba(255,255,255,0.08);\n    box-shadow: inset 0 1px 0 rgba(255,255,255,0.03);\n  }\n\n  .bs-champions .bs-hof-name {\n    font-weight: 700;\n    color: var(--text) !important;\n  }\n\n  .bs-champions .bs-hof-count {\n    color: var(--brand-soft) !important;\n    font-weight: 800;\n    white-space: nowrap;\n  }\n\n  .bs-champions .bs-footer-note {\n    margin-top: 20px;\n    color: var(--muted) !important;\n    font-size: 14px;\n    line-height: 1.6;\n  }\n\n  @media (max-width: 820px) {\n    .bs-champions .bs-highlight,\n    .bs-champions .bs-grid {\n      grid-template-columns: 1fr;\n    }\n\n    .bs-champions .bs-champion-row {\n      grid-template-columns: 84px 1fr;\n    }\n\n    .bs-champions .bs-current-name {\n      font-size: 30px;\n    }\n\n    .bs-champions .bs-hero,\n    .bs-champions .bs-card {\n      padding: 22px;\n    }\n  \n<\/style>\n    }\n  <\/style>\n\n  <div class=\"bs-wrapper\">\n    <section class=\"bs-hero\">\n      <span class=\"bs-kicker\">Br\u00f8ndby Skak<\/span>\n      <h1>Hall of fame<\/h1>\n      <p class=\"bs-lead\">\n        Her er en oversigt over klubmestrer siden 2003, hvor Br\u00f8ndby Skakklub blev dannet ved en fusion mellem Br\u00f8ndbyvester og Br\u00f8ndby Skakklub.\n      <\/p>\n\n      <div class=\"bs-highlight\">\n        <div class=\"bs-card\">\n          <div class=\"bs-current-year\">Seneste klubmester \u00b7 2026<\/div>\n          <div class=\"bs-current-name\">Anders Kj\u00e6r<\/div>\n          <p class=\"bs-small\">\n       \n          <\/p>\n        <\/div>\n\n        <div class=\"bs-card\">\n          <h2>Hall of Fame<\/h2>\n          <p class=\"bs-small\">\n           \n          <\/p>\n          <div class=\"bs-small\">\n            <strong>Mest vindende siden 2003:<\/strong> Jakob Nielsen med 10 titler.\n          <\/div>\n        <\/div>\n      <\/div>\n    <\/section>\n\n    <section class=\"bs-grid\">\n      <div class=\"bs-card\">\n        <h2 class=\"bs-section-title\">Alle klubmestre<\/h2>\n        <div class=\"bs-timeline\">\n          <div class=\"bs-champion-row\"><div class=\"bs-year\">2026<\/div><div class=\"bs-winner\">Anders Kj\u00e6r<\/div><\/div>\n          <div class=\"bs-champion-row\"><div class=\"bs-year\">2025<\/div><div class=\"bs-winner\">Michael Skelb\u00e6k<\/div><\/div>\n          <div class=\"bs-champion-row\"><div class=\"bs-year\">2024<\/div><div class=\"bs-winner\">Carsten Nielsen<\/div><\/div>\n          <div class=\"bs-champion-row\"><div class=\"bs-year\">2023<\/div><div class=\"bs-winner\">Carsten Nielsen<\/div><\/div>\n          <div class=\"bs-champion-row\"><div class=\"bs-year\">2022<\/div><div class=\"bs-winner\">Michael Skelb\u00e6k<\/div><\/div>\n          <div class=\"bs-champion-row\"><div class=\"bs-year\">2021<\/div><div class=\"bs-winner\">Carsten Nielsen<\/div><\/div>\n          <div class=\"bs-champion-row\"><div class=\"bs-year\">2020<\/div><div class=\"bs-winner\">Helge Hjort<\/div><\/div>\n          <div class=\"bs-champion-row\"><div class=\"bs-year\">2019<\/div><div class=\"bs-winner\">Helge Hjort<\/div><\/div>\n          <div class=\"bs-champion-row\"><div class=\"bs-year\">2018<\/div><div class=\"bs-winner\">Jakob Nielsen<\/div><\/div>\n          <div class=\"bs-champion-row\"><div class=\"bs-year\">2017<\/div><div class=\"bs-winner\">Michael Skelb\u00e6k<\/div><\/div>\n          <div class=\"bs-champion-row\"><div class=\"bs-year\">2016<\/div><div class=\"bs-winner\">Jakob Nielsen<\/div><\/div>\n          <div class=\"bs-champion-row\"><div class=\"bs-year\">2015<\/div><div class=\"bs-winner\">Johnny Borup<\/div><\/div>\n          <div class=\"bs-champion-row\"><div class=\"bs-year\">2014<\/div><div class=\"bs-winner\">Jakob Nielsen<\/div><\/div>\n          <div class=\"bs-champion-row\"><div class=\"bs-year\">2013<\/div><div class=\"bs-winner\">Petruli Petrovski<\/div><\/div>\n          <div class=\"bs-champion-row\"><div class=\"bs-year\">2012<\/div><div class=\"bs-winner\">Jakob Nielsen<\/div><\/div>\n          <div class=\"bs-champion-row\"><div class=\"bs-year\">2011<\/div><div class=\"bs-winner\">Michael Skelb\u00e6k<\/div><\/div>\n          <div class=\"bs-champion-row\"><div class=\"bs-year\">2010<\/div><div class=\"bs-winner\">Henning Skov<\/div><\/div>\n          <div class=\"bs-champion-row\"><div class=\"bs-year\">2009<\/div><div class=\"bs-winner\">Jakob Nielsen<\/div><\/div>\n          <div class=\"bs-champion-row\"><div class=\"bs-year\">2008<\/div><div class=\"bs-winner\">Jakob Nielsen<\/div><\/div>\n          <div class=\"bs-champion-row\"><div class=\"bs-year\">2007<\/div><div class=\"bs-winner\">Jakob Nielsen<\/div><\/div>\n          <div class=\"bs-champion-row\"><div class=\"bs-year\">2006<\/div><div class=\"bs-winner\">Jakob Nielsen<\/div><\/div>\n          <div class=\"bs-champion-row\"><div class=\"bs-year\">2005<\/div><div class=\"bs-winner\">Jakob Nielsen<\/div><\/div>\n          <div class=\"bs-champion-row\"><div class=\"bs-year\">2004<\/div><div class=\"bs-winner\">Henning Holst<\/div><\/div>\n          <div class=\"bs-champion-row\"><div class=\"bs-year\">2003<\/div><div class=\"bs-winner\">Jakob Nielsen<\/div><\/div>\n        <\/div>\n      <\/div>\n\n      <div class=\"bs-card\">\n        <h2 class=\"bs-section-title\">Flest titler<\/h2>\n        <div class=\"bs-hof-grid\">\n          <div class=\"bs-hof-card\"><div class=\"bs-hof-name\">Jakob Nielsen<\/div><div class=\"bs-hof-count\">10 titler<\/div><\/div>\n          <div class=\"bs-hof-card\"><div class=\"bs-hof-name\">Michael Skelb\u00e6k<\/div><div class=\"bs-hof-count\">4 titler<\/div><\/div>\n          <div class=\"bs-hof-card\"><div class=\"bs-hof-name\">Carsten Nielsen<\/div><div class=\"bs-hof-count\">3 titler<\/div><\/div>\n          <div class=\"bs-hof-card\"><div class=\"bs-hof-name\">Helge Hjort<\/div><div class=\"bs-hof-count\">2 titler<\/div><\/div>\n          <div class=\"bs-hof-card\"><div class=\"bs-hof-name\">Henning Holst<\/div><div class=\"bs-hof-count\">1 titel<\/div><\/div>\n          <div class=\"bs-hof-card\"><div class=\"bs-hof-name\">Petruli Petrovski<\/div><div class=\"bs-hof-count\">1 titel<\/div><\/div>\n          <div class=\"bs-hof-card\"><div class=\"bs-hof-name\">Henning Skov<\/div><div class=\"bs-hof-count\">1 titel<\/div><\/div>\n          <div class=\"bs-hof-card\"><div class=\"bs-hof-name\">Johnny Borup<\/div><div class=\"bs-hof-count\">1 titel<\/div><\/div>\n          <div class=\"bs-hof-card\"><div class=\"bs-hof-name\">Anders Kj\u00e6r<\/div><div class=\"bs-hof-count\">1 titel<\/div><\/div>\n        <\/div>\n\n        <div class=\"bs-footer-note\">\n         \n        <\/div>\n      <\/div>\n    <\/section>\n  <\/div>\n<\/div>\n\n\n\n<p><\/p>\n","protected":false},"excerpt":{"rendered":"<p>} Br\u00f8ndby Skak Hall of fame Her er en oversigt over klubmestrer siden 2003, hvor Br\u00f8ndby Skakklub blev dannet ved en fusion mellem Br\u00f8ndbyvester og&hellip;<\/p>\n","protected":false},"author":1,"featured_media":0,"parent":0,"menu_order":0,"comment_status":"closed","ping_status":"closed","template":"","meta":{"footnotes":""},"class_list":["post-1299","page","type-page","status-publish","hentry"],"_links":{"self":[{"href":"https:\/\/brondbyskak.dk\/index.php\/wp-json\/wp\/v2\/pages\/1299","targetHints":{"allow":["GET"]}}],"collection":[{"href":"https:\/\/brondbyskak.dk\/index.php\/wp-json\/wp\/v2\/pages"}],"about":[{"href":"https:\/\/brondbyskak.dk\/index.php\/wp-json\/wp\/v2\/types\/page"}],"author":[{"embeddable":true,"href":"https:\/\/brondbyskak.dk\/index.php\/wp-json\/wp\/v2\/users\/1"}],"replies":[{"embeddable":true,"href":"https:\/\/brondbyskak.dk\/index.php\/wp-json\/wp\/v2\/comments?post=1299"}],"version-history":[{"count":6,"href":"https:\/\/brondbyskak.dk\/index.php\/wp-json\/wp\/v2\/pages\/1299\/revisions"}],"predecessor-version":[{"id":1305,"href":"https:\/\/brondbyskak.dk\/index.php\/wp-json\/wp\/v2\/pages\/1299\/revisions\/1305"}],"wp:attachment":[{"href":"https:\/\/brondbyskak.dk\/index.php\/wp-json\/wp\/v2\/media?parent=1299"}],"curies":[{"name":"wp","href":"https:\/\/api.w.org\/{rel}","templated":true}]}}